{"id":6474,"date":"2024-12-17T14:20:31","date_gmt":"2024-12-17T13:20:31","guid":{"rendered":"https:\/\/lolaenergetique.fr\/?page_id=6474"},"modified":"2025-12-31T05:17:24","modified_gmt":"2025-12-31T04:17:24","slug":"tarifs","status":"publish","type":"page","link":"https:\/\/lolaenergetique.fr\/index.php\/tarifs\/","title":{"rendered":"Prestations"},"content":{"rendered":"\t\t<div data-elementor-type=\"wp-page\" data-elementor-id=\"6474\" class=\"elementor elementor-6474\" data-elementor-post-type=\"page\">\n\t\t\t\t<div class=\"elementor-element elementor-element-0f2e0c7 e-flex e-con-boxed e-con e-parent\" data-id=\"0f2e0c7\" data-element_type=\"container\">\n\t\t\t\t\t<div class=\"e-con-inner\">\n\t\t\t\t<div class=\"elementor-element elementor-element-9399a07 elementor-widget elementor-widget-text-editor\" data-id=\"9399a07\" data-element_type=\"widget\" data-widget_type=\"text-editor.default\">\n\t\t\t\t<div class=\"elementor-widget-container\">\n\t\t\t\t\t\t\t\t\t<h4 data-start=\"1989\" data-end=\"2072\">Des accompagnements pour se reconnecter \u00e0 soi, au corps et au rythme du vivant<\/h4><p data-start=\"2074\" data-end=\"2220\">Je propose diff\u00e9rents accompagnements, au cabinet et en ligne, pens\u00e9s comme des <strong data-start=\"2154\" data-end=\"2219\">espaces de reconnexion, d\u2019\u00e9coute et de r\u00e9gulation \u00e9nerg\u00e9tique<\/strong>.<\/p><p data-start=\"2222\" data-end=\"2347\">Chaque prestation peut \u00eatre v\u00e9cue de mani\u00e8re ponctuelle ou s\u2019inscrire dans un chemin plus global, selon ton besoin du moment.<\/p><p data-start=\"2349\" data-end=\"2530\">Que tu choisisses un soin, un massage, une pratique de yoga ou un accompagnement lunaire, l\u2019intention reste la m\u00eame :<br data-start=\"2466\" data-end=\"2469\" \/><strong data-start=\"2469\" data-end=\"2530\">t\u2019offrir un espace pour ralentir, ressentir et t\u2019honorer.<\/strong><\/p>\t\t\t\t\t\t\t\t<\/div>\n\t\t\t\t<\/div>\n\t\t\t\t\t<\/div>\n\t\t\t\t<\/div>\n\t\t<div class=\"elementor-element elementor-element-aaa1bc8 e-flex e-con-boxed e-con e-parent\" data-id=\"aaa1bc8\" data-element_type=\"container\">\n\t\t\t\t\t<div class=\"e-con-inner\">\n\t\t\t\t<div class=\"elementor-element elementor-element-26afa40 elementor-widget elementor-widget-image\" data-id=\"26afa40\" data-element_type=\"widget\" data-widget_type=\"image.default\">\n\t\t\t\t<div class=\"elementor-widget-container\">\n\t\t\t\t\t\t\t\t\t\t\t\t\t\t\t<img fetchpriority=\"high\" decoding=\"async\" width=\"980\" height=\"735\" src=\"https:\/\/lolaenergetique.fr\/wp-content\/uploads\/2025\/10\/IMG-20250301-WA0043-1024x768.jpg\" class=\"attachment-large size-large wp-image-7113\" alt=\"\" srcset=\"https:\/\/lolaenergetique.fr\/wp-content\/uploads\/2025\/10\/IMG-20250301-WA0043-1024x768.jpg 1024w, https:\/\/lolaenergetique.fr\/wp-content\/uploads\/2025\/10\/IMG-20250301-WA0043-300x225.jpg 300w, https:\/\/lolaenergetique.fr\/wp-content\/uploads\/2025\/10\/IMG-20250301-WA0043-768x576.jpg 768w, https:\/\/lolaenergetique.fr\/wp-content\/uploads\/2025\/10\/IMG-20250301-WA0043-1536x1152.jpg 1536w, https:\/\/lolaenergetique.fr\/wp-content\/uploads\/2025\/10\/IMG-20250301-WA0043-600x450.jpg 600w, https:\/\/lolaenergetique.fr\/wp-content\/uploads\/2025\/10\/IMG-20250301-WA0043.jpg 2048w\" sizes=\"(max-width: 980px) 100vw, 980px\" \/>\t\t\t\t\t\t\t\t\t\t\t\t\t\t\t<\/div>\n\t\t\t\t<\/div>\n\t\t\t\t\t<\/div>\n\t\t\t\t<\/div>\n\t\t<div class=\"elementor-element elementor-element-cd69bd1 e-flex e-con-boxed e-con e-parent\" data-id=\"cd69bd1\" data-element_type=\"container\">\n\t\t\t\t\t<div class=\"e-con-inner\">\n\t\t\t\t<div class=\"elementor-element elementor-element-677764f elementor-widget elementor-widget-text-editor\" data-id=\"677764f\" data-element_type=\"widget\" data-widget_type=\"text-editor.default\">\n\t\t\t\t<div class=\"elementor-widget-container\">\n\t\t\t\t\t\t\t\t\t<h3 data-start=\"2537\" data-end=\"2558\">Comment choisir ?<\/h3><ul data-start=\"2559\" data-end=\"2895\"><li data-start=\"2559\" data-end=\"2622\"><p data-start=\"2561\" data-end=\"2622\">\ud83c\udf3f Besoin de d\u00e9tente et de pr\u00e9sence au corps \u2192 <a href=\"https:\/\/lolaenergetique.fr\/index.php\/massages\/\"><strong>massages.<\/strong><\/a><\/p><\/li><li data-start=\"2623\" data-end=\"2689\"><p data-start=\"2625\" data-end=\"2689\">\u2728 Besoin de r\u00e9\u00e9quilibrage \u00e9nerg\u00e9tique \u2192 <a href=\"https:\/\/lolaenergetique.fr\/index.php\/soins-energetiques\/\"><strong>soins \u00e9nerg\u00e9tiques<\/strong><\/a>.<\/p><\/li><li data-start=\"2690\" data-end=\"2749\"><p data-start=\"2692\" data-end=\"2749\">\ud83e\uddd8\u200d\u2640\ufe0f Envie d\u2019un mouvement doux et conscient \u2192 <a href=\"https:\/\/lolaenergetique.fr\/index.php\/yoga\/\"><strong>yoga<\/strong><\/a>.<\/p><\/li><li data-start=\"2750\" data-end=\"2817\"><p data-start=\"2752\" data-end=\"2817\">\ud83c\udf19 Besoin d\u2019un espace r\u00e9gulier et \u00e9volutif \u2192<a href=\"https:\/\/lolaenergetique.fr\/index.php\/lavoielunaire\/\"><strong> La Voie Lunaire<\/strong><\/a>.<\/p><\/li><li data-start=\"2818\" data-end=\"2895\"><p data-start=\"2820\" data-end=\"2895\">\ud83d\udcab Besoin de soutien sans te d\u00e9placer \u2192 <a href=\"https:\/\/lolaenergetique.fr\/index.php\/soins-energetiques-en-ligne\/\"><strong>soins \u00e9nerg\u00e9tiques \u00e0 distance<\/strong><\/a>.<\/p><\/li><\/ul><p data-start=\"2897\" data-end=\"2960\">Laisse ton c\u0153ur parler, et ton intuition te guider. Et si c&rsquo;est trop flou pour toi, je suis disponible pour te guider.<\/p>\t\t\t\t\t\t\t\t<\/div>\n\t\t\t\t<\/div>\n\t\t\t\t\t<\/div>\n\t\t\t\t<\/div>\n\t\t<div class=\"elementor-element elementor-element-b919cf4 e-flex e-con-boxed e-con e-parent\" data-id=\"b919cf4\" data-element_type=\"container\">\n\t\t\t\t\t<div class=\"e-con-inner\">\n\t\t\t\t<div class=\"elementor-element elementor-element-9b5ad08 elementor-align-center elementor-widget elementor-widget-button\" data-id=\"9b5ad08\" data-element_type=\"widget\" data-widget_type=\"button.default\">\n\t\t\t\t<div class=\"elementor-widget-container\">\n\t\t\t\t\t\t\t\t\t<div class=\"elementor-button-wrapper\">\n\t\t\t\t\t<a class=\"elementor-button elementor-button-link elementor-size-sm\" href=\"https:\/\/lolaenergetique.fr\/index.php\/contact\/\">\n\t\t\t\t\t\t<span class=\"elementor-button-content-wrapper\">\n\t\t\t\t\t\t\t\t\t<span class=\"elementor-button-text\">Me contacter<\/span>\n\t\t\t\t\t<\/span>\n\t\t\t\t\t<\/a>\n\t\t\t\t<\/div>\n\t\t\t\t\t\t\t\t<\/div>\n\t\t\t\t<\/div>\n\t\t\t\t\t<\/div>\n\t\t\t\t<\/div>\n\t\t<div class=\"elementor-element elementor-element-0fbe87c e-flex e-con-boxed e-con e-parent\" data-id=\"0fbe87c\" data-element_type=\"container\">\n\t\t\t\t\t<div class=\"e-con-inner\">\n\t\t\t\t<div class=\"elementor-element elementor-element-5f8f71e elementor-widget elementor-widget-text-editor\" data-id=\"5f8f71e\" data-element_type=\"widget\" data-widget_type=\"text-editor.default\">\n\t\t\t\t<div class=\"elementor-widget-container\">\n\t\t\t\t\t\t\t\t\t<h2 data-start=\"1673\" data-end=\"1727\">FAQ :<\/h2><p data-start=\"1729\" data-end=\"1944\"><strong data-start=\"1729\" data-end=\"1800\">\u2753 Comment savoir quel soin ou massage est le plus adapt\u00e9 pour moi ?<\/strong><br data-start=\"1800\" data-end=\"1803\" \/>Tu peux suivre ton intuition ou me contacter. Je t\u2019accompagne volontiers pour choisir la prestation la plus juste selon ton besoin du moment.<\/p><p data-start=\"1946\" data-end=\"2111\"><strong data-start=\"1946\" data-end=\"2018\">\u2753 Puis-je recevoir un soin m\u00eame si je ne connais pas l\u2019\u00e9nerg\u00e9tique ?<\/strong><br data-start=\"2018\" data-end=\"2021\" \/>Oui. Les soins sont accessibles \u00e0 tous et ne n\u00e9cessitent aucune connaissance particuli\u00e8re. Prends bien en compte que le soin d\u00e9pend de 3 points : la technique, mon \u00e9nergie mais aussi la tienne. Alors plus tu seras ouvert(e) et en confiance, plus le soin sera b\u00e9n\u00e9fique pour toi.<\/p><p data-start=\"2113\" data-end=\"2300\"><strong data-start=\"2113\" data-end=\"2156\">\u2753 Combien de s\u00e9ances sont n\u00e9cessaires ?<\/strong><br data-start=\"2156\" data-end=\"2159\" \/>Cela d\u00e9pend de chacun. Certaines personnes ressentent un b\u00e9n\u00e9fice d\u00e8s la premi\u00e8re s\u00e9ance, d\u2019autres pr\u00e9f\u00e8rent un accompagnement plus r\u00e9gulier.<\/p>\t\t\t\t\t\t\t\t<\/div>\n\t\t\t\t<\/div>\n\t\t\t\t\t<\/div>\n\t\t\t\t<\/div>\n\t\t\t\t<\/div>\n\t\t","protected":false},"excerpt":{"rendered":"<p>Des accompagnements pour se reconnecter \u00e0 soi, au corps et au rythme du vivant Je propose diff\u00e9rents accompagnements, au cabinet et en ligne, pens\u00e9s comme des espaces de reconnexion, d\u2019\u00e9coute et de r\u00e9gulation \u00e9nerg\u00e9tique. Chaque prestation peut \u00eatre v\u00e9cue de mani\u00e8re ponctuelle ou s\u2019inscrire dans un chemin plus global, selon ton besoin du moment. Que [&hellip;]<\/p>\n","protected":false},"author":1,"featured_media":0,"parent":0,"menu_order":0,"comment_status":"closed","ping_status":"closed","template":"","meta":{"inline_featured_image":false,"footnotes":""},"class_list":["post-6474","page","type-page","status-publish","hentry"],"_links":{"self":[{"href":"https:\/\/lolaenergetique.fr\/index.php\/wp-json\/wp\/v2\/pages\/6474","targetHints":{"allow":["GET"]}}],"collection":[{"href":"https:\/\/lolaenergetique.fr\/index.php\/wp-json\/wp\/v2\/pages"}],"about":[{"href":"https:\/\/lolaenergetique.fr\/index.php\/wp-json\/wp\/v2\/types\/page"}],"author":[{"embeddable":true,"href":"https:\/\/lolaenergetique.fr\/index.php\/wp-json\/wp\/v2\/users\/1"}],"replies":[{"embeddable":true,"href":"https:\/\/lolaenergetique.fr\/index.php\/wp-json\/wp\/v2\/comments?post=6474"}],"version-history":[{"count":27,"href":"https:\/\/lolaenergetique.fr\/index.php\/wp-json\/wp\/v2\/pages\/6474\/revisions"}],"predecessor-version":[{"id":7217,"href":"https:\/\/lolaenergetique.fr\/index.php\/wp-json\/wp\/v2\/pages\/6474\/revisions\/7217"}],"wp:attachment":[{"href":"https:\/\/lolaenergetique.fr\/index.php\/wp-json\/wp\/v2\/media?parent=6474"}],"curies":[{"name":"wp","href":"https:\/\/api.w.org\/{rel}","templated":true}]}}