{"id":6231,"date":"2024-07-31T11:36:53","date_gmt":"2024-07-31T09:36:53","guid":{"rendered":"https:\/\/lolaenergetique.fr\/?page_id=6231"},"modified":"2026-01-09T00:33:48","modified_gmt":"2026-01-08T23:33:48","slug":"escapade-dans-le-desert","status":"publish","type":"page","link":"https:\/\/lolaenergetique.fr\/index.php\/escapade-dans-le-desert\/","title":{"rendered":"Escapade dans le d\u00e9sert"},"content":{"rendered":"\t\t<div data-elementor-type=\"wp-page\" data-elementor-id=\"6231\" class=\"elementor elementor-6231\" data-elementor-post-type=\"page\">\n\t\t\t\t<div class=\"elementor-element elementor-element-c072a36 e-flex e-con-boxed e-con e-parent\" data-id=\"c072a36\" data-element_type=\"container\">\n\t\t\t\t\t<div class=\"e-con-inner\">\n\t\t\t\t<div class=\"elementor-element elementor-element-0d21f4a elementor-widget elementor-widget-heading\" data-id=\"0d21f4a\" data-element_type=\"widget\" data-widget_type=\"heading.default\">\n\t\t\t\t<div class=\"elementor-widget-container\">\n\t\t\t\t\t<h2 class=\"elementor-heading-title elementor-size-default\">Retraite Yoga &amp; Trek dans le d\u00e9sert du Sahara<\/h2>\t\t\t\t<\/div>\n\t\t\t\t<\/div>\n\t\t\t\t\t<\/div>\n\t\t\t\t<\/div>\n\t\t<div class=\"elementor-element elementor-element-7c1b428 e-flex e-con-boxed e-con e-parent\" data-id=\"7c1b428\" data-element_type=\"container\">\n\t\t\t\t\t<div class=\"e-con-inner\">\n\t\t\t\t<div class=\"elementor-element elementor-element-a86cf9c elementor-widget elementor-widget-image\" data-id=\"a86cf9c\" data-element_type=\"widget\" data-widget_type=\"image.default\">\n\t\t\t\t<div class=\"elementor-widget-container\">\n\t\t\t\t\t\t\t\t\t\t\t\t\t\t\t<img fetchpriority=\"high\" decoding=\"async\" width=\"980\" height=\"750\" src=\"https:\/\/lolaenergetique.fr\/wp-content\/uploads\/2023\/11\/WhatsApp-Image-2025-03-19-a-14.00.18_0ab109bd-1024x784.jpg\" class=\"attachment-large size-large wp-image-6689\" alt=\"\" srcset=\"https:\/\/lolaenergetique.fr\/wp-content\/uploads\/2023\/11\/WhatsApp-Image-2025-03-19-a-14.00.18_0ab109bd-1024x784.jpg 1024w, https:\/\/lolaenergetique.fr\/wp-content\/uploads\/2023\/11\/WhatsApp-Image-2025-03-19-a-14.00.18_0ab109bd-300x230.jpg 300w, https:\/\/lolaenergetique.fr\/wp-content\/uploads\/2023\/11\/WhatsApp-Image-2025-03-19-a-14.00.18_0ab109bd-768x588.jpg 768w, https:\/\/lolaenergetique.fr\/wp-content\/uploads\/2023\/11\/WhatsApp-Image-2025-03-19-a-14.00.18_0ab109bd-1536x1176.jpg 1536w, https:\/\/lolaenergetique.fr\/wp-content\/uploads\/2023\/11\/WhatsApp-Image-2025-03-19-a-14.00.18_0ab109bd-600x459.jpg 600w, https:\/\/lolaenergetique.fr\/wp-content\/uploads\/2023\/11\/WhatsApp-Image-2025-03-19-a-14.00.18_0ab109bd.jpg 1600w\" sizes=\"(max-width: 980px) 100vw, 980px\" \/>\t\t\t\t\t\t\t\t\t\t\t\t\t\t\t<\/div>\n\t\t\t\t<\/div>\n\t\t\t\t\t<\/div>\n\t\t\t\t<\/div>\n\t\t<div class=\"elementor-element elementor-element-dd4ff1d e-flex e-con-boxed e-con e-parent\" data-id=\"dd4ff1d\" data-element_type=\"container\">\n\t\t\t\t\t<div class=\"e-con-inner\">\n\t\t\t\t<div class=\"elementor-element elementor-element-09f1bd4 elementor-widget elementor-widget-text-editor\" data-id=\"09f1bd4\" data-element_type=\"widget\" data-widget_type=\"text-editor.default\">\n\t\t\t\t<div class=\"elementor-widget-container\">\n\t\t\t\t\t\t\t\t\t<h2>Escapade dans le d\u00e9sert<\/h2><h4>Prochaine \u00e9dition en 2027, dates \u00e0 venir.<\/h4><p>J&rsquo;ai l&rsquo;immense plaisir de vous annoncer l&rsquo;un de mes plus gros projets en collaboration avec <a href=\"https:\/\/www.etoiledudesert.com\/\">l&rsquo;\u00e9toile du d\u00e9sert<\/a>, une agence de voyage marocaine.<\/p><p>Nous venons souvent d\u00e9couvrir le d\u00e9sert en qu\u00eate de silence, de calme, de reconnexion \u00e0 l&rsquo;essentiel. Une immersion de quelques jours dans la vie des nomades permet de d\u00e9connecter de la r\u00e9alit\u00e9 bruyante et ininterrompue de nos quotidiens.<\/p><p>Allier cette exp\u00e9rience unique \u00e0 la pratique du yoga, de la spiritualit\u00e9 et de la m\u00e9ditation permet d&rsquo;en faire une qu\u00eate personnelle, un moment suspendu dans le temps.<\/p><p><strong>Jour 1 &#8211; Arriv\u00e9e \u00e0 Marrakech<\/strong><\/p><p>L&rsquo;a\u00e9roport international de Marrakech est tr\u00e8s bien desservi, avec plusieurs vols par jour. Arrivez \u00e0 Marrakech et rejoignez le\u00a0<strong>riad<\/strong>\u00a0que nous avons r\u00e9serv\u00e9 pour vous.<\/p><p>Nous commencerons ce 1er jour avec un cercle d&rsquo;ouverture en fin de journ\u00e9e avant de partager un diner marocain tous ensemble.<\/p><p><strong>Jour 2 &#8211; De Marrakech au d\u00e9sert\u00a0<\/strong><\/p><p>Apr\u00e8s un petit d\u00e9jeuner typique marocain dans le riad, d\u00e9part t\u00f4t le matin en taxi direction le village M&rsquo;Hamid El Ghizlane, \u00e0 la fronti\u00e8re du d\u00e9sert. Une<strong>\u00a0route somptueuse de 7 heures traversant les montagnes de l&rsquo;Atlas et de l&rsquo;Anti Atlas.<\/strong> Pause d\u00e9jeuner \u00e0 mi-chemin.<\/p><p>Nous arriverons<strong>\u00a0au village<\/strong> en milieu d&rsquo;apr\u00e8s-midi o\u00f9 nous <strong>rencontrerons l&rsquo;\u00e9quipe<\/strong> de guides nomades qui partagera cette aventure avec nous et nous fera d\u00e9couvrir leurs traditions.<\/p><p>\u00a0<strong>Un 4&#215;4 vous y conduira<\/strong>\u00a0en quelques minutes sur\u00a0<strong>les pistes du d\u00e9sert o\u00f9 se trouvera notre premier campement pour la nuit.<\/strong><\/p><p>Sur place, nous pratiquerons un yoga doux pour chouchouter notre corps apr\u00e8s ces heures de voyages et pour formuler nos intentions pour ce s\u00e9jour. Puis sera servi un diner bien m\u00e9rit\u00e9 au coin du feu. Soir\u00e9e feu de camp et premi\u00e8re nuit sous la tente !<\/p><p><strong>Jour 3 &#8211; 1er jour de marche<\/strong><\/p><p><strong>Petit d\u00e9jeuner et s\u00e9ance de yoga matinal<\/strong>\u00a0pour bien commencer cette premi\u00e8re journ\u00e9e de randonn\u00e9e.<\/p><p>Une\u00a0<strong>marche facile<\/strong> d&rsquo;environ 3 heures au rythme des pas lents des dromadaires, nous am\u00e8nera vers notre prochain lieu de campement.\u00a0<\/p><p><strong>Atelier thai massage pour nous r\u00e9compenser de cette premi\u00e8re randonn\u00e9e.<\/strong><\/p><p>Apr\u00e8s le diner et un moment de\u00a0<strong>convivialit\u00e9<\/strong>\u00a0(feu de camp, chants et histoires), nous passerons la nuit sous le ciel \u00e9toil\u00e9.<\/p><p><strong>Jour 4 &#8211; En qu\u00eate de votre voix int\u00e9rieure<\/strong><\/p><p>Cette deuxi\u00e8me journ\u00e9e de marche commence par un\u00a0<strong>bon\u00a0 petit-d\u00e9jeuner et une s\u00e9ance de yoga matinale<\/strong>\u00a0pour d\u00e9lier le corps et l&rsquo;esprit.<\/p><p>Cette randonn\u00e9e se fera dans le silence afin de reconnecter avec votre \u00eatre v\u00e9ritable et trouver cette espace de paix et de s\u00e9r\u00e9nit\u00e9 \u00e0 l&rsquo;int\u00e9rieur de vous. Un moment pour \u00eatre pleinement dans l&rsquo;instant, profitez des paysages \u00e0 couper le souffle, et laissez libre court \u00e0 vos pens\u00e9es.<\/p><p>A notre retour au camp, une\u00a0<strong>s\u00e9ance d&rsquo;\u00e9criture intuitive vous sera proposer<\/strong> afin de faire un point sur cette marche silencieuse.<\/p><p>Puis je vous proposerai une s\u00e9ance de Yin Yoga, avant de terminer la journ\u00e9e autour d&rsquo;un d\u00e9licieux repas.<\/p><p>Soir\u00e9e autour du feu et nuit sous la tente ou \u00e0 la belle \u00e9toile au choix.<\/p><p><strong>Jour 5 &#8211; L&rsquo;esprit de groupe<\/strong><\/p><p>Notre troisi\u00e8me journ\u00e9e de marche d\u00e9marre apr\u00e8s le petit-d\u00e9jeuner et la s\u00e9ance de yoga matinale.<\/p><p>Notre randonn\u00e9e nous m\u00e8nera cette fois vers notre prochain campement.\u00a0D\u00e9jeuner et installation du bivouac, o\u00f9 vous pourrez reprendre des forces et admirer la beaut\u00e9 du d\u00e9sert autour d\u2019un\u00a0<strong>th\u00e9<\/strong>. Vous pourrez profiter de vos apr\u00e8s-midi pour lire, \u00e9crire, vous reposer, ou faire un tour de dromadaire.<\/p><p>Nous nous retrouverons en fin d&rsquo;apr\u00e8s-midi pour un atelier de groupe autour du partage de nos exp\u00e9riences et nos ressentis.<\/p><p>\u00a0Pr\u00e9paration du feu de camp pour une <strong>nouvelle soir\u00e9e festive au coin du feu<\/strong>. Observez les nomades r\u00e9aliser leur\u00a0<strong>pain de sable<\/strong>, \u00e9coutez leurs chants et profitez. Ces soir\u00e9es sont propices aux cercles de paroles et aux confessions.<\/p><p><strong>Jour 6 &#8211; Derni\u00e8re randonn\u00e9e jusqu&rsquo;\u00e0 la palmeraie<\/strong><\/p><p>R\u00e9veil en douceur avec une s\u00e9ance de yoga et d&rsquo;\u00e9criture intuitive ainsi qu&rsquo;un petit d\u00e9jeuner.<\/p><p>Notre caravane reprend petit \u00e0 petit\u00a0<strong>le chemin du village<\/strong>. Notre dernier arr\u00eat sera la\u00a0<strong>palmeraie<\/strong>. L&rsquo;ombre des palmier sera un endroit id\u00e9al pour une nouvelle\u00a0<strong>s\u00e9ance de yoga acc\u00e8s sur la transmission d&rsquo;\u00e9nergies<\/strong>\u00a0en fin de journ\u00e9e. Nous y installerons notre bivouac pour cette derni\u00e8re nuit dans le d\u00e9sert marocain.<\/p><p><strong>Jour 7 &#8211; du d\u00e9sert \u00e0 Marrakech\u00a0<\/strong><\/p><p>Dernier r\u00e9veil dans le d\u00e9sert,\u00a0<strong>le d\u00e9part se fait t\u00f4t le matin apr\u00e8s votre s\u00e9ance de yoga, <\/strong>pour les plus motiv\u00e9s, pour rejoindre le village de M&rsquo;Hamid o\u00f9 d<strong>es voitures vous attendront pour retourner vers Marrakech<\/strong>. Nous nous arr\u00eaterons de nouveau en chemin pour le d\u00e9jeuner.<\/p><p>Arriv\u00e9e dans votre\u00a0<strong>riad \u00e0 Marrakech<\/strong> dans l&rsquo;apr\u00e8s-midi o\u00f9 vous l&rsquo;opportunit\u00e9 de profiter un peu de la ville et du paisible riad pour clot\u00fbrer le s\u00e9jour autour d&rsquo;un cercle de fermeture.<\/p><p><strong>Jour 8 &#8211; Retour\u00a0<\/strong><\/p><p>Apr\u00e8s un dernier petit-d\u00e9jeuner marocain,\u00a0 il est temps de rentrer chez\u00a0 soi, la t\u00eate \u00e0 la fois vid\u00e9e et rempli de magnifiques souvenirs.<\/p><p>Les repas pendant le trek sont pr\u00e9par\u00e9s sur place, par un ou plusieurs cuisiniers, avec des produits locaux.<br \/>Pendant votre s\u00e9jour, vous aurez l&rsquo;occasion de go\u00fbter \u00e0 toutes les sp\u00e9cialit\u00e9s marocaines de la r\u00e9gion : soupes (harira), tajines et couscous (\u00e0 la viande ou v\u00e9g\u00e9tariens), salades marocaines, omelettes de toutes sortes et de merveilleux desserts, comme les salades de fruits. Nous proposons un grand nombre de plats v\u00e9g\u00e9tariens. Et bien s\u00fbr, sur demande, nous adaptons l&rsquo;ensemble du s\u00e9jour \u00e0 un r\u00e9gime 100% v\u00e9g\u00e9tarien !<br \/>Chaque matin, vous pouvez d\u00e9guster un bon petit-d\u00e9jeuner complet en regardant le soleil se lever dans le ciel : th\u00e9, caf\u00e9, pain, confitures, \u0153ufs, tout ce dont vous avez besoin pour prendre des forces avant une journ\u00e9e d&rsquo;aventures !<br \/>Pendant le trek, nous faisons de nombreuses pauses pour boire de l&rsquo;eau et manger des fruits.<br \/>Et bien s\u00fbr, que serait une immersion dans la vie nomade sans notre fameux pain de sable. Chaque soir, notre boulanger du d\u00e9sert pr\u00e9pare son pain cuit directement dans le sable chaud du feu de camp.<\/p><h5>Tarif = 920 Euros\/personne<\/h5><p>Les transferts a\u00e9roport\/Riad et Riad\/a\u00e9roport sont inclus (vols et assurance non compris, ainsi que le repas du 1er jour).<\/p><p>Retrouvez toutes les infos pour pr\u00e9parer votre voyage juste <a href=\"https:\/\/www.etoiledudesert.com\/guide-de-voyage\/guide-pratique\">ici<\/a>.<\/p><p>Le s\u00e9jour est limit\u00e9 \u00e0 15 personnes.<\/p><p>Je suis tr\u00e8s heureuse et honor\u00e9e de vous proposer cette exp\u00e9rience hors du temps. Un s\u00e9jour magique pour vous reconnecter \u00e0 vous et \u00e0 l&rsquo;immensit\u00e9 du monde.<\/p><p>Namast\u00e9.<\/p><p>Lola<\/p>\t\t\t\t\t\t\t\t<\/div>\n\t\t\t\t<\/div>\n\t\t\t\t\t<\/div>\n\t\t\t\t<\/div>\n\t\t<div class=\"elementor-element elementor-element-4681006 e-flex e-con-boxed e-con e-parent\" data-id=\"4681006\" data-element_type=\"container\">\n\t\t\t\t\t<div class=\"e-con-inner\">\n\t\t\t\t<div class=\"elementor-element elementor-element-d244d67 elementor-align-center elementor-widget elementor-widget-button\" data-id=\"d244d67\" data-element_type=\"widget\" data-widget_type=\"button.default\">\n\t\t\t\t<div class=\"elementor-widget-container\">\n\t\t\t\t\t\t\t\t\t<div class=\"elementor-button-wrapper\">\n\t\t\t\t\t<a class=\"elementor-button elementor-button-link elementor-size-sm\" href=\"https:\/\/lolaenergetique.fr\/index.php\/classes\/inscription-escapade-du-desert\/\">\n\t\t\t\t\t\t<span class=\"elementor-button-content-wrapper\">\n\t\t\t\t\t\t\t\t\t<span class=\"elementor-button-text\">INSCRIPTIONS<\/span>\n\t\t\t\t\t<\/span>\n\t\t\t\t\t<\/a>\n\t\t\t\t<\/div>\n\t\t\t\t\t\t\t\t<\/div>\n\t\t\t\t<\/div>\n\t\t\t\t\t<\/div>\n\t\t\t\t<\/div>\n\t\t\t\t<\/div>\n\t\t","protected":false},"excerpt":{"rendered":"<p>Retraite Yoga &amp; Trek dans le d\u00e9sert du Sahara Escapade dans le d\u00e9sert Prochaine \u00e9dition en 2027, dates \u00e0 venir. J&rsquo;ai l&rsquo;immense plaisir de vous annoncer l&rsquo;un de mes plus gros projets en collaboration avec l&rsquo;\u00e9toile du d\u00e9sert, une agence de voyage marocaine. Nous venons souvent d\u00e9couvrir le d\u00e9sert en qu\u00eate de silence, de calme, [&hellip;]<\/p>\n","protected":false},"author":1,"featured_media":0,"parent":0,"menu_order":0,"comment_status":"closed","ping_status":"closed","template":"","meta":{"inline_featured_image":false,"footnotes":""},"class_list":["post-6231","page","type-page","status-publish","hentry"],"_links":{"self":[{"href":"https:\/\/lolaenergetique.fr\/index.php\/wp-json\/wp\/v2\/pages\/6231","targetHints":{"allow":["GET"]}}],"collection":[{"href":"https:\/\/lolaenergetique.fr\/index.php\/wp-json\/wp\/v2\/pages"}],"about":[{"href":"https:\/\/lolaenergetique.fr\/index.php\/wp-json\/wp\/v2\/types\/page"}],"author":[{"embeddable":true,"href":"https:\/\/lolaenergetique.fr\/index.php\/wp-json\/wp\/v2\/users\/1"}],"replies":[{"embeddable":true,"href":"https:\/\/lolaenergetique.fr\/index.php\/wp-json\/wp\/v2\/comments?post=6231"}],"version-history":[{"count":46,"href":"https:\/\/lolaenergetique.fr\/index.php\/wp-json\/wp\/v2\/pages\/6231\/revisions"}],"predecessor-version":[{"id":7316,"href":"https:\/\/lolaenergetique.fr\/index.php\/wp-json\/wp\/v2\/pages\/6231\/revisions\/7316"}],"wp:attachment":[{"href":"https:\/\/lolaenergetique.fr\/index.php\/wp-json\/wp\/v2\/media?parent=6231"}],"curies":[{"name":"wp","href":"https:\/\/api.w.org\/{rel}","templated":true}]}}