{"id":4847,"date":"2024-01-18T17:41:27","date_gmt":"2024-01-18T16:41:27","guid":{"rendered":"https:\/\/lolaenergetique.fr\/?page_id=4847"},"modified":"2025-12-31T06:37:01","modified_gmt":"2025-12-31T05:37:01","slug":"qui-suis-je","status":"publish","type":"page","link":"https:\/\/lolaenergetique.fr\/index.php\/qui-suis-je\/","title":{"rendered":"Qui suis-je?"},"content":{"rendered":"\t\t<div data-elementor-type=\"wp-page\" data-elementor-id=\"4847\" class=\"elementor elementor-4847\" data-elementor-post-type=\"page\">\n\t\t\t\t<div class=\"elementor-element elementor-element-edfe875 e-flex e-con-boxed e-con e-parent\" data-id=\"edfe875\" data-element_type=\"container\">\n\t\t\t\t\t<div class=\"e-con-inner\">\n\t\t\t\t<div class=\"elementor-element elementor-element-fb6f7dd elementor-widget elementor-widget-heading\" data-id=\"fb6f7dd\" data-element_type=\"widget\" data-widget_type=\"heading.default\">\n\t\t\t\t<div class=\"elementor-widget-container\">\n\t\t\t\t\t<h3 class=\"elementor-heading-title elementor-size-default\">Lib\u00e9ratrice du corps et de l'\u00e2me, \u00e0 la qu\u00eate de votre \u00e9veil spirituel.<\/h3>\t\t\t\t<\/div>\n\t\t\t\t<\/div>\n\t\t\t\t\t<\/div>\n\t\t\t\t<\/div>\n\t\t<div class=\"elementor-element elementor-element-cf20968 e-grid e-con-boxed e-con e-parent\" data-id=\"cf20968\" data-element_type=\"container\">\n\t\t\t\t\t<div class=\"e-con-inner\">\n\t\t\t\t<div class=\"elementor-element elementor-element-dba3f4c elementor-widget elementor-widget-image\" data-id=\"dba3f4c\" data-element_type=\"widget\" data-widget_type=\"image.default\">\n\t\t\t\t<div class=\"elementor-widget-container\">\n\t\t\t\t\t\t\t\t\t\t\t\t\t\t\t<img fetchpriority=\"high\" decoding=\"async\" width=\"768\" height=\"1152\" src=\"https:\/\/lolaenergetique.fr\/wp-content\/uploads\/2024\/06\/DSC07008-768x1152.jpg\" class=\"attachment-medium_large size-medium_large wp-image-6084\" alt=\"\" srcset=\"https:\/\/lolaenergetique.fr\/wp-content\/uploads\/2024\/06\/DSC07008-768x1152.jpg 768w, https:\/\/lolaenergetique.fr\/wp-content\/uploads\/2024\/06\/DSC07008-200x300.jpg 200w, https:\/\/lolaenergetique.fr\/wp-content\/uploads\/2024\/06\/DSC07008-683x1024.jpg 683w, https:\/\/lolaenergetique.fr\/wp-content\/uploads\/2024\/06\/DSC07008-1024x1536.jpg 1024w, https:\/\/lolaenergetique.fr\/wp-content\/uploads\/2024\/06\/DSC07008-1365x2048.jpg 1365w, https:\/\/lolaenergetique.fr\/wp-content\/uploads\/2024\/06\/DSC07008-600x900.jpg 600w, https:\/\/lolaenergetique.fr\/wp-content\/uploads\/2024\/06\/DSC07008-scaled.jpg 1707w\" sizes=\"(max-width: 768px) 100vw, 768px\" \/>\t\t\t\t\t\t\t\t\t\t\t\t\t\t\t<\/div>\n\t\t\t\t<\/div>\n\t\t\t\t<div class=\"elementor-element elementor-element-36a2648 elementor-widget elementor-widget-text-editor\" data-id=\"36a2648\" data-element_type=\"widget\" data-widget_type=\"text-editor.default\">\n\t\t\t\t<div class=\"elementor-widget-container\">\n\t\t\t\t\t\t\t\t\t<p data-start=\"227\" data-end=\"460\">Depuis toute petite, je me sens appel\u00e9e par la spiritualit\u00e9, l\u2019invisible, l\u2019\u00e9nergie qui relie tout. Tr\u00e8s t\u00f4t, j\u2019ai ressenti cette sensibilit\u00e9 profonde au monde, aux \u00e9motions, aux vibrations, sans toujours pouvoir y mettre des mots.<\/p><p data-start=\"462\" data-end=\"975\">\u00c0 18 ans, j\u2019ai choisi de suivre cet appel int\u00e9rieur et de partir voyager \u00e0 travers le monde. Ces voyages ont \u00e9t\u00e9 bien plus que des d\u00e9placements : ils ont \u00e9t\u00e9 de v\u00e9ritables initiations. Chaque pays, chaque rencontre, chaque exp\u00e9rience m\u2019a permis de grandir, de me d\u00e9couvrir, de me transformer et d\u2019enrichir ma vision du soin et de l\u2019\u00eatre humain. J\u2019ai appris diff\u00e9rentes pratiques, explor\u00e9 de nombreuses approches spirituelles et th\u00e9rapeutiques, toujours guid\u00e9e par cette qu\u00eate d\u2019alignement et de v\u00e9rit\u00e9 int\u00e9rieure.<\/p><p data-start=\"977\" data-end=\"1489\">Tr\u00e8s vite, le corps s\u2019est impos\u00e9 comme une \u00e9vidence dans mon cheminement. J\u2019ai compris que l\u2019\u00e9change par le corps est l\u2019un des langages les plus puissants qui existent. Le toucher, la pr\u00e9sence, l\u2019\u00e9coute corporelle permettent de lib\u00e9rer ce que les mots ne savent pas toujours exprimer. Le corps garde la m\u00e9moire, les \u00e9motions, les blocages\u2026 mais aussi une immense capacit\u00e9 d\u2019auto-gu\u00e9rison. Prendre soin de lui est, pour moi, essentiel : il est notre maison, notre ancrage, notre meilleur alli\u00e9 pour toute une vie.<\/p><p data-start=\"1491\" data-end=\"1892\">C\u2019est en Inde, en 2018, que j\u2019ai d\u00e9couvert le yoga, une rencontre qui a profond\u00e9ment transform\u00e9 ma relation \u00e0 moi-m\u00eame, \u00e0 mon corps et \u00e0 mon \u00e9nergie. Depuis, je me suis form\u00e9e intens\u00e9ment, cumulant aujourd\u2019hui plus de <strong data-start=\"1709\" data-end=\"1736\">400 heures de formation<\/strong>, ainsi que <strong data-start=\"1748\" data-end=\"1789\">des centaines d\u2019heures d\u2019enseignement<\/strong>. Le yoga est devenu un pilier de mon \u00e9quilibre, un outil de conscience, d\u2019alignement et d\u2019incarnation. Les moments sur mon tapis me permettent de faire le point sur l&rsquo;agitation de mon mental, c&rsquo;est un moment pour d\u00e9poser les barri\u00e8res et simplement laisser le corps s&rsquo;exprimer, l&rsquo;\u00e9nergie circuler.<\/p><p data-start=\"1894\" data-end=\"2273\">Mon approche est aujourd\u2019hui <strong data-start=\"1923\" data-end=\"1937\">holistique<\/strong> : j\u2019accompagne l\u2019\u00eatre dans toutes ses dimensions \u2014 physique, \u00e9motionnelle, \u00e9nerg\u00e9tique et spirituelle. Mes pratiques, comme mes soins \u00e9nerg\u00e9tiques, sont profond\u00e9ment reli\u00e9es aux <strong data-start=\"2116\" data-end=\"2135\">cycles naturels<\/strong>, et notamment aux <strong data-start=\"2154\" data-end=\"2175\">phases de la lune<\/strong>, qui nous invitent tour \u00e0 tour \u00e0 l\u2019introspection, \u00e0 la lib\u00e9ration, \u00e0 l\u2019expansion et au renouveau.<\/p><p data-start=\"2275\" data-end=\"2618\">Je suis profond\u00e9ment convaincue qu\u2019on ne peut transmettre que ce que l\u2019on incarne. C\u2019est pourquoi je veille continuellement \u00e0 mon propre \u00e9quilibre, \u00e0 mon ancrage et \u00e0 mon alignement. \u00catre bien, \u00eatre juste, \u00eatre en conscience est pour moi essentiel afin de proposer des soins \u00e0 la fois puissants, doux et profond\u00e9ment adapt\u00e9s \u00e0 chaque personne.<\/p><p data-start=\"2620\" data-end=\"2929\">Chaque s\u00e9ance est une rencontre d\u2019\u00e2me \u00e0 \u00e2me, un espace s\u00e9curis\u00e9 o\u00f9 tu peux te d\u00e9poser, te lib\u00e9rer, te reconnecter \u00e0 ton \u00e9nergie vitale et \u00e0 la sagesse de ton corps. Je t\u2019accompagne avec bienveillance, \u00e9coute et respect de ton rythme, pour t\u2019aider \u00e0 retrouver ton \u00e9quilibre, ta clart\u00e9 int\u00e9rieure et ta lumi\u00e8re.<\/p><p data-start=\"2931\" data-end=\"3169\">Aujourd\u2019hui bas\u00e9e \u00e0 l\u2019\u00e9tranger, je propose mes soins et accompagnements \u00e0 distance, avec la m\u00eame pr\u00e9sence, la m\u00eame intention et la m\u00eame puissance que s\u2019ils \u00e9taient en pr\u00e9sentiel.<br data-start=\"3109\" data-end=\"3112\" \/>L\u2019\u00e9nergie, comme la conscience, n\u2019a pas de fronti\u00e8re.\u00a0<\/p><p data-start=\"2931\" data-end=\"3169\">Et si tu es sur Melbourne, je peux t&rsquo;accueillir en pr\u00e9sentiel dans un lieu magique, n&rsquo;h\u00e9sites pas \u00e0 me <a href=\"https:\/\/www.instagram.com\/lola.energetique\/\">contacter<\/a>.<\/p>\t\t\t\t\t\t\t\t<\/div>\n\t\t\t\t<\/div>\n\t\t\t\t\t<\/div>\n\t\t\t\t<\/div>\n\t\t\t\t<\/div>\n\t\t","protected":false},"excerpt":{"rendered":"<p>Lib\u00e9ratrice du corps et de l&rsquo;\u00e2me, \u00e0 la qu\u00eate de votre \u00e9veil spirituel. Depuis toute petite, je me sens appel\u00e9e par la spiritualit\u00e9, l\u2019invisible, l\u2019\u00e9nergie qui relie tout. Tr\u00e8s t\u00f4t, j\u2019ai ressenti cette sensibilit\u00e9 profonde au monde, aux \u00e9motions, aux vibrations, sans toujours pouvoir y mettre des mots. \u00c0 18 ans, j\u2019ai choisi de suivre [&hellip;]<\/p>\n","protected":false},"author":1,"featured_media":0,"parent":0,"menu_order":0,"comment_status":"closed","ping_status":"closed","template":"","meta":{"inline_featured_image":false,"footnotes":""},"class_list":["post-4847","page","type-page","status-publish","hentry"],"_links":{"self":[{"href":"https:\/\/lolaenergetique.fr\/index.php\/wp-json\/wp\/v2\/pages\/4847","targetHints":{"allow":["GET"]}}],"collection":[{"href":"https:\/\/lolaenergetique.fr\/index.php\/wp-json\/wp\/v2\/pages"}],"about":[{"href":"https:\/\/lolaenergetique.fr\/index.php\/wp-json\/wp\/v2\/types\/page"}],"author":[{"embeddable":true,"href":"https:\/\/lolaenergetique.fr\/index.php\/wp-json\/wp\/v2\/users\/1"}],"replies":[{"embeddable":true,"href":"https:\/\/lolaenergetique.fr\/index.php\/wp-json\/wp\/v2\/comments?post=4847"}],"version-history":[{"count":37,"href":"https:\/\/lolaenergetique.fr\/index.php\/wp-json\/wp\/v2\/pages\/4847\/revisions"}],"predecessor-version":[{"id":7283,"href":"https:\/\/lolaenergetique.fr\/index.php\/wp-json\/wp\/v2\/pages\/4847\/revisions\/7283"}],"wp:attachment":[{"href":"https:\/\/lolaenergetique.fr\/index.php\/wp-json\/wp\/v2\/media?parent=4847"}],"curies":[{"name":"wp","href":"https:\/\/api.w.org\/{rel}","templated":true}]}}